{"id":13787,"date":"2024-05-28T05:00:53","date_gmt":"2024-05-28T03:00:53","guid":{"rendered":"https:\/\/proyectos.maniac.pe\/transaltisa\/?page_id=13787"},"modified":"2024-09-13T04:05:01","modified_gmt":"2024-09-13T02:05:01","slug":"nuestros-compromisos","status":"publish","type":"page","link":"https:\/\/proyectos.maniac.pe\/transaltisa\/nuestros-compromisos\/","title":{"rendered":"Nuestros compromisos"},"content":{"rendered":"\t\t<div data-elementor-type=\"wp-page\" data-elementor-id=\"13787\" class=\"elementor elementor-13787\">\n\t\t\t\t\t\t<section class=\"elementor-section elementor-top-section elementor-element elementor-element-697559f elementor-section-height-min-height elementor-section-content-middle top-pages top-page elementor-section-items-stretch elementor-section-boxed elementor-section-height-default\" data-id=\"697559f\" data-element_type=\"section\" data-settings=\"{&quot;background_background&quot;:&quot;classic&quot;}\">\n\t\t\t\t\t\t\t<div class=\"elementor-background-overlay\"><\/div>\n\t\t\t\t\t\t\t<div class=\"elementor-container elementor-column-gap-default\">\n\t\t\t\t\t<div class=\"elementor-column elementor-col-50 elementor-top-column elementor-element elementor-element-a6d8655\" data-id=\"a6d8655\" data-element_type=\"column\">\n\t\t\t<div class=\"elementor-widget-wrap elementor-element-populated\">\n\t\t\t\t\t\t<div class=\"elementor-element elementor-element-e7be205 elementor-widget elementor-widget-qi_addons_for_elementor_animated_text\" data-id=\"e7be205\" data-element_type=\"widget\" data-widget_type=\"qi_addons_for_elementor_animated_text.default\">\n\t\t\t\t<div class=\"elementor-widget-container\">\n\t\t\t<div class=\"qodef-shortcode qodef-m  qodef-qi-animated-text qodef--animated-by-letter qodef--alignment-left qodef-qi--has-appear qodef--appear-from-right\" >\n\t\t<h1 class=\"qodef-m-title\">\n\t\t<span class=\"qodef-e-word-holder\">NOSOTROS<\/span>\t<\/h1>\n<\/div>\n\t\t<\/div>\n\t\t\t\t<\/div>\n\t\t\t\t\t<\/div>\n\t\t<\/div>\n\t\t\t\t<div class=\"elementor-column elementor-col-50 elementor-top-column elementor-element elementor-element-2e2766d elementor-hidden-desktop elementor-hidden-tablet elementor-hidden-mobile\" data-id=\"2e2766d\" data-element_type=\"column\">\n\t\t\t<div class=\"elementor-widget-wrap\">\n\t\t\t\t\t\t\t<\/div>\n\t\t<\/div>\n\t\t\t\t\t<\/div>\n\t\t<\/section>\n\t\t\t\t<section class=\"elementor-section elementor-top-section elementor-element elementor-element-f88dda9 elementor-section-boxed elementor-section-height-default elementor-section-height-default\" data-id=\"f88dda9\" data-element_type=\"section\">\n\t\t\t\t\t\t<div class=\"elementor-container elementor-column-gap-default\">\n\t\t\t\t\t<div class=\"elementor-column elementor-col-100 elementor-top-column elementor-element elementor-element-c991615\" data-id=\"c991615\" data-element_type=\"column\">\n\t\t\t<div class=\"elementor-widget-wrap elementor-element-populated\">\n\t\t\t\t\t\t<div class=\"elementor-element elementor-element-944bff4 elementor-absolute elementor-widget elementor-widget-image\" data-id=\"944bff4\" data-element_type=\"widget\" data-settings=\"{&quot;_position&quot;:&quot;absolute&quot;}\" data-widget_type=\"image.default\">\n\t\t\t\t<div class=\"elementor-widget-container\">\n\t\t\t\t\t\t\t\t\t\t\t\t\t<img fetchpriority=\"high\" decoding=\"async\" width=\"333\" height=\"258\" src=\"https:\/\/proyectos.maniac.pe\/transaltisa\/wp-content\/uploads\/2024\/05\/adorno-banner-03.svg\" class=\"attachment-full size-full wp-image-13277\" alt=\"\" \/>\t\t\t\t\t\t\t\t\t\t\t\t\t<\/div>\n\t\t\t\t<\/div>\n\t\t\t\t\t<\/div>\n\t\t<\/div>\n\t\t\t\t\t<\/div>\n\t\t<\/section>\n\t\t\t\t<section class=\"elementor-section elementor-top-section elementor-element elementor-element-30f9a4a elementor-section-content-middle codigo elementor-section-boxed elementor-section-height-default elementor-section-height-default elementor-invisible\" data-id=\"30f9a4a\" data-element_type=\"section\" data-settings=\"{&quot;background_background&quot;:&quot;classic&quot;,&quot;animation&quot;:&quot;fadeInUp&quot;}\">\n\t\t\t\t\t\t<div class=\"elementor-container elementor-column-gap-default\">\n\t\t\t\t\t<div class=\"elementor-column elementor-col-16 elementor-top-column elementor-element elementor-element-076e25a\" data-id=\"076e25a\" data-element_type=\"column\">\n\t\t\t<div class=\"elementor-widget-wrap\">\n\t\t\t\t\t\t\t<\/div>\n\t\t<\/div>\n\t\t\t\t<div class=\"elementor-column elementor-col-66 elementor-top-column elementor-element elementor-element-a7441d6\" data-id=\"a7441d6\" data-element_type=\"column\">\n\t\t\t<div class=\"elementor-widget-wrap elementor-element-populated\">\n\t\t\t\t\t\t<div class=\"elementor-element elementor-element-2f24faa t-adorno elementor-widget elementor-widget-heading\" data-id=\"2f24faa\" data-element_type=\"widget\" data-widget_type=\"heading.default\">\n\t\t\t\t<div class=\"elementor-widget-container\">\n\t\t\t<h2 class=\"elementor-heading-title elementor-size-default\">C\u00d3DIGO DE \u00c9TICA<\/h2>\t\t<\/div>\n\t\t\t\t<\/div>\n\t\t\t\t<div class=\"elementor-element elementor-element-b6409b6 elementor-widget elementor-widget-video\" data-id=\"b6409b6\" data-element_type=\"widget\" data-settings=\"{&quot;youtube_url&quot;:&quot;https:\\\/\\\/www.youtube.com\\\/watch?v=67pryQb_y54&quot;,&quot;video_type&quot;:&quot;youtube&quot;,&quot;controls&quot;:&quot;yes&quot;}\" data-widget_type=\"video.default\">\n\t\t\t\t<div class=\"elementor-widget-container\">\n\t\t\t\t\t<div class=\"elementor-wrapper elementor-open-inline\">\n\t\t\t<div class=\"elementor-video\"><\/div>\t\t<\/div>\n\t\t\t\t<\/div>\n\t\t\t\t<\/div>\n\t\t\t\t\t<\/div>\n\t\t<\/div>\n\t\t\t\t<div class=\"elementor-column elementor-col-16 elementor-top-column elementor-element elementor-element-30ee37c\" data-id=\"30ee37c\" data-element_type=\"column\">\n\t\t\t<div class=\"elementor-widget-wrap\">\n\t\t\t\t\t\t\t<\/div>\n\t\t<\/div>\n\t\t\t\t\t<\/div>\n\t\t<\/section>\n\t\t\t\t<section class=\"elementor-section elementor-top-section elementor-element elementor-element-1b5a90c elementor-section-content-middle elementor-section-boxed elementor-section-height-default elementor-section-height-default\" data-id=\"1b5a90c\" data-element_type=\"section\" data-settings=\"{&quot;background_background&quot;:&quot;classic&quot;}\">\n\t\t\t\t\t\t<div class=\"elementor-container elementor-column-gap-default\">\n\t\t\t\t\t<div class=\"elementor-column elementor-col-16 elementor-top-column elementor-element elementor-element-acbf606\" data-id=\"acbf606\" data-element_type=\"column\">\n\t\t\t<div class=\"elementor-widget-wrap\">\n\t\t\t\t\t\t\t<\/div>\n\t\t<\/div>\n\t\t\t\t<div class=\"elementor-column elementor-col-66 elementor-top-column elementor-element elementor-element-2292bb2\" data-id=\"2292bb2\" data-element_type=\"column\">\n\t\t\t<div class=\"elementor-widget-wrap elementor-element-populated\">\n\t\t\t\t\t\t<div class=\"elementor-element elementor-element-d5988a9 t-adorno elementor-widget elementor-widget-heading\" data-id=\"d5988a9\" data-element_type=\"widget\" data-widget_type=\"heading.default\">\n\t\t\t\t<div class=\"elementor-widget-container\">\n\t\t\t<h2 class=\"elementor-heading-title elementor-size-default\">POL\u00cdTICAS<\/h2>\t\t<\/div>\n\t\t\t\t<\/div>\n\t\t\t\t<div class=\"elementor-element elementor-element-0ff8e5c f-18 elementor-invisible elementor-widget elementor-widget-text-editor\" data-id=\"0ff8e5c\" data-element_type=\"widget\" data-settings=\"{&quot;_animation&quot;:&quot;fadeInUp&quot;}\" data-widget_type=\"text-editor.default\">\n\t\t\t\t<div class=\"elementor-widget-container\">\n\t\t\t\t\t\t\t<p>Estas son las pautas que tenemos en cuenta para la consecuci\u00f3n de nuestros objetivos, que nos ayudan a delegar y mantener la buena relaci\u00f3n entre nuestros colaboradores.<\/p>\t\t\t\t\t\t<\/div>\n\t\t\t\t<\/div>\n\t\t\t\t\t<\/div>\n\t\t<\/div>\n\t\t\t\t<div class=\"elementor-column elementor-col-16 elementor-top-column elementor-element elementor-element-25d315b\" data-id=\"25d315b\" data-element_type=\"column\">\n\t\t\t<div class=\"elementor-widget-wrap\">\n\t\t\t\t\t\t\t<\/div>\n\t\t<\/div>\n\t\t\t\t\t<\/div>\n\t\t<\/section>\n\t\t\t\t<section class=\"elementor-section elementor-top-section elementor-element elementor-element-ec2e307 elementor-section-content-middle elementor-section-boxed elementor-section-height-default elementor-section-height-default\" data-id=\"ec2e307\" data-element_type=\"section\" data-settings=\"{&quot;background_background&quot;:&quot;classic&quot;}\">\n\t\t\t\t\t\t<div class=\"elementor-container elementor-column-gap-default\">\n\t\t\t\t\t<div class=\"elementor-column elementor-col-50 elementor-top-column elementor-element elementor-element-562010c\" data-id=\"562010c\" data-element_type=\"column\">\n\t\t\t<div class=\"elementor-widget-wrap elementor-element-populated\">\n\t\t\t\t\t\t<div class=\"elementor-element elementor-element-1ce813b lista-politicas elementor-widget elementor-widget-text-editor\" data-id=\"1ce813b\" data-element_type=\"widget\" data-widget_type=\"text-editor.default\">\n\t\t\t\t<div class=\"elementor-widget-container\">\n\t\t\t\t\t\t\t<ul><li><a href=\"https:\/\/drive.google.com\/file\/d\/1sRCMTFBu_x0U-VWDon3nUPqaRyTwFiHf\/view?usp=sharing\" target=\"_blank\" rel=\"noopener\">Pol\u00edtica integrada de calidad, seguridad y medio ambiente<\/a><\/li><li><a href=\"https:\/\/drive.google.com\/file\/d\/175pjliCbZeM2XMeMcGwaMspGr5mayNi0\/view?usp=sharing\" target=\"_blank\" rel=\"noopener\">Pol\u00edtica de responsabilidad social y desarrollo sostenible<\/a><\/li><li><a href=\"https:\/\/drive.google.com\/file\/d\/18UDUGdXHkPQcNyhmgpT53YwIADe89kJf\/view?usp=sharing\" target=\"_blank\" rel=\"noopener\">Pol\u00edtica de gesti\u00f3n de control y seguridad BASC<\/a><\/li><li><a href=\"https:\/\/drive.google.com\/file\/d\/1wYi4KGz-GM8auEM7Nr0oWOrEqBtLqVp9\/view?usp=sharing\" target=\"_blank\" rel=\"noopener\">Pol\u00edtica del derecho a decir NO ante un trabajo inseguro<\/a><\/li><li><a href=\"https:\/\/drive.google.com\/file\/d\/1Gg2dHdAlfKcsrJeV1U0HR6YNbsclnTbm\/view?usp=sharing\" target=\"_blank\" rel=\"noopener\">Pol\u00edtica de alcohol y drogas<\/a><\/li><li><a href=\"https:\/\/drive.google.com\/file\/d\/1srKKMJt0Tjq7U_O70lao7giVB4fkThxQ\/view?usp=sharing\" target=\"_blank\" rel=\"noopener\">Pol\u00edtica de prevenci\u00f3n de accidentes por causa de fatiga y somnolencia<\/a><\/li><li><a href=\"https:\/\/drive.google.com\/file\/d\/1vZbs_5VMiu_vZIFy0EyBlg2ueehOV5pK\/view?usp=sharing\" target=\"_blank\" rel=\"noopener\">Pol\u00edtica de seguridad de la informaci\u00f3n<\/a><\/li><li><a href=\"https:\/\/drive.google.com\/file\/d\/11wzvFCj7fRy2wZpDhkRHauW3WTIaKQ5s\/view?usp=sharing\" target=\"_blank\" rel=\"noopener\">Pol\u00edtica contra lavado de activos y financiamiento del terrorismo<\/a><\/li><li><a href=\"https:\/\/drive.google.com\/file\/d\/1rVI0mbm3vX1r79aHOXlHZ3lllXVGGY7F\/view?usp=sharing\" target=\"_blank\" rel=\"noopener\">Pol\u00edtica anticorrupci\u00f3n<\/a><\/li><li><a href=\"https:\/\/drive.google.com\/file\/d\/1ypTge1x_XgHHCZ55JrEGnolgNun66JwC\/view?usp=sharing\" target=\"_blank\" rel=\"noopener\">Pol\u00edtica de regalos y atenciones<\/a><\/li><li><a href=\"https:\/\/drive.google.com\/file\/d\/1Ir7TCcJCoLTld4lT3hSsy8cwEV1b1bmo\/view?usp=sharing\" target=\"_blank\" rel=\"noopener\">Pol\u00edtica de prevenci\u00f3n contra el hostigamiento sexual<\/a><\/li><li><a href=\"https:\/\/drive.google.com\/file\/d\/1ECogxvan5v2H-cW0s-AcsDbxWbJz20vu\/view?usp=sharing\" target=\"_blank\" rel=\"noopener\">Pol\u00edtica de seguridad vial<\/a><\/li><li><a href=\"https:\/\/drive.google.com\/file\/d\/1z7m1FliavYLtN2XGwx_zArwAsKODUkp-\/view?usp=sharing\" target=\"_blank\" rel=\"noopener\">Pol\u00edtica de compras<\/a><\/li><li><a href=\"https:\/\/drive.google.com\/file\/d\/1_ZrGWDjZ36RKs8cypMkBVwYTlPeuY0QZ\/view?usp=sharing\" target=\"_blank\" rel=\"noopener\">Pol\u00edtica de protecci\u00f3n de datos personales<\/a><\/li><li><a href=\"https:\/\/drive.google.com\/file\/d\/1IXOlLsIM-rsX18SSaTXvxCBEsC5ntbrG\/view?usp=sharing\" target=\"_blank\" rel=\"noopener\">Pol\u00edtica de sostenibilidad<\/a><\/li><li><a href=\"https:\/\/drive.google.com\/file\/d\/1qwYU0va_fGvYC0E_ypPGu5dVddQcu6YH\/view?usp=sharing\" target=\"_blank\" rel=\"noopener\">Pol\u00edtica de derechos humanos<\/a><\/li><li><a href=\"https:\/\/drive.google.com\/file\/d\/1oqnubmEN3jKm66ATx0F7Jb2dcJUIcf9w\/view?usp=sharing\" target=\"_blank\" rel=\"noopener\">Pol\u00edtica de selecci\u00f3n de personal<\/a><\/li><\/ul>\t\t\t\t\t\t<\/div>\n\t\t\t\t<\/div>\n\t\t\t\t\t<\/div>\n\t\t<\/div>\n\t\t\t\t<div class=\"elementor-column elementor-col-50 elementor-top-column elementor-element elementor-element-1dfe9dd\" data-id=\"1dfe9dd\" data-element_type=\"column\">\n\t\t\t<div class=\"elementor-widget-wrap elementor-element-populated\">\n\t\t\t\t\t\t<div class=\"elementor-element elementor-element-6c4fa98 img-politicas elementor-widget elementor-widget-image\" data-id=\"6c4fa98\" data-element_type=\"widget\" data-widget_type=\"image.default\">\n\t\t\t\t<div class=\"elementor-widget-container\">\n\t\t\t\t\t\t\t\t\t\t\t\t\t<img decoding=\"async\" width=\"1000\" height=\"1000\" src=\"https:\/\/proyectos.maniac.pe\/transaltisa\/wp-content\/uploads\/2024\/07\/compromiso.jpg\" class=\"attachment-full size-full wp-image-16241\" alt=\"\" srcset=\"https:\/\/proyectos.maniac.pe\/transaltisa\/wp-content\/uploads\/2024\/07\/compromiso.jpg 1000w, https:\/\/proyectos.maniac.pe\/transaltisa\/wp-content\/uploads\/2024\/07\/compromiso-300x300.jpg 300w, https:\/\/proyectos.maniac.pe\/transaltisa\/wp-content\/uploads\/2024\/07\/compromiso-150x150.jpg 150w, https:\/\/proyectos.maniac.pe\/transaltisa\/wp-content\/uploads\/2024\/07\/compromiso-768x768.jpg 768w, https:\/\/proyectos.maniac.pe\/transaltisa\/wp-content\/uploads\/2024\/07\/compromiso-550x550.jpg 550w, https:\/\/proyectos.maniac.pe\/transaltisa\/wp-content\/uploads\/2024\/07\/compromiso-500x500.jpg 500w, https:\/\/proyectos.maniac.pe\/transaltisa\/wp-content\/uploads\/2024\/07\/compromiso-650x650.jpg 650w\" sizes=\"(max-width: 1000px) 100vw, 1000px\" \/>\t\t\t\t\t\t\t\t\t\t\t\t\t<\/div>\n\t\t\t\t<\/div>\n\t\t\t\t\t<\/div>\n\t\t<\/div>\n\t\t\t\t\t<\/div>\n\t\t<\/section>\n\t\t\t\t<\/div>\n\t\t","protected":false},"excerpt":{"rendered":"<p>NOSOTROS C\u00d3DIGO DE \u00c9TICA POL\u00cdTICAS Estas son las pautas que tenemos en cuenta para la consecuci\u00f3n de nuestros objetivos, que nos ayudan a delegar y mantener la buena relaci\u00f3n entre nuestros colaboradores. Pol\u00edtica integrada de calidad, seguridad y medio ambiente Pol\u00edtica de responsabilidad social y desarrollo sostenible Pol\u00edtica de gesti\u00f3n de control y seguridad BASC Pol\u00edtica del derecho a decir NO ante un trabajo inseguro&#8230; <\/p>\n<p class=\"more\"><a class=\"more-link\" href=\"https:\/\/proyectos.maniac.pe\/transaltisa\/nuestros-compromisos\/\">Read More<\/a><\/p>\n","protected":false},"author":1,"featured_media":0,"parent":0,"menu_order":0,"comment_status":"closed","ping_status":"closed","template":"elementor_header_footer","meta":{"inline_featured_image":false,"footnotes":""},"class_list":["post-13787","page","type-page","status-publish","hentry","is-cat-link-borders-light is-cat-link-rounded"],"_links":{"self":[{"href":"https:\/\/proyectos.maniac.pe\/transaltisa\/wp-json\/wp\/v2\/pages\/13787","targetHints":{"allow":["GET"]}}],"collection":[{"href":"https:\/\/proyectos.maniac.pe\/transaltisa\/wp-json\/wp\/v2\/pages"}],"about":[{"href":"https:\/\/proyectos.maniac.pe\/transaltisa\/wp-json\/wp\/v2\/types\/page"}],"author":[{"embeddable":true,"href":"https:\/\/proyectos.maniac.pe\/transaltisa\/wp-json\/wp\/v2\/users\/1"}],"replies":[{"embeddable":true,"href":"https:\/\/proyectos.maniac.pe\/transaltisa\/wp-json\/wp\/v2\/comments?post=13787"}],"version-history":[{"count":118,"href":"https:\/\/proyectos.maniac.pe\/transaltisa\/wp-json\/wp\/v2\/pages\/13787\/revisions"}],"predecessor-version":[{"id":19084,"href":"https:\/\/proyectos.maniac.pe\/transaltisa\/wp-json\/wp\/v2\/pages\/13787\/revisions\/19084"}],"wp:attachment":[{"href":"https:\/\/proyectos.maniac.pe\/transaltisa\/wp-json\/wp\/v2\/media?parent=13787"}],"curies":[{"name":"wp","href":"https:\/\/api.w.org\/{rel}","templated":true}]}}